{"id":1763,"date":"2020-11-15T00:32:13","date_gmt":"2020-11-15T00:32:13","guid":{"rendered":"https:\/\/www.ivh.si\/Ponudbe\/sound_and_light\/izdelek\/drzavni-zbor-copy-copy-copy-copy-copy\/"},"modified":"2021-04-02T15:57:38","modified_gmt":"2021-04-02T15:57:38","slug":"scrubbers","status":"publish","type":"product","link":"https:\/\/www.planteh-group.com\/sl\/izdelek\/scrubbers\/","title":{"rendered":"PRALNIKI ZRAKA - SCRUBBERJI"},"content":{"rendered":"<p>Pralniki zraka ali angle\u0161ko scrubberji so sestavni elementi tehnolo\u0161kih objektov. S pomo\u010djo tehnologije ve\u010dstopenjske nevtralizacije s stati\u010dnimi polnilnimi telesi slu\u017eijo za odstranjevanje neprijetnih vonjav. Naprave omogo\u010dajo odstranjevanje trdih delcev zaradi dotika onesna\u017eenega plina s teko\u010dino. Pralniki zraka so naprave, ki delujejo na podlagi absorbacije.<\/p>\n<p>&nbsp;<\/p>\n<p class=\" translation-block\">Pralniki zraka najpogosteje slu\u017eijo \u010di\u0161\u010denju odpadnih dimnih plinov, ki vsebujejo \u017eveplov dioksid SO2, amoniak NH3, hlapne kemijske spojine, vodikove halide, vodikov sulfid H2S, ali pa odstranjevanju trdih delcev majhnih dimenzij.\nNajpogosteje uporabljeni mediji za pranje plinov so:  voda \u2013 H2O (\u010di\u0161\u010denje amonijaka NH3, halidov), alkalne raztopine (slu\u017eijo za odstranjevanje kislih komponent), alkalno-oksidacijske raztopine (odstranjevanje vodikovega peroksida H2O2), raztopine Na2S4, za odstranjevanje \u017eivega srebra (Hg), \u2026<\/p>\n<h6>Oznake: PE scrubberji, PP scrubberji, HCL scrubberji, PEHD scrubberji, PVDF scrubberji, PVC scrubberji, scrubberji iz plasti\u010dnih mas, scrubberji iz termoplastov, SO2 scrubber, NOx scrubber, LDPE scrubber, pralniki zraka, PE pralniki zraka, PP pralniki zraka, pralniki plinov, scrubberji za kemijsko industrijo.<\/h6>","protected":false},"excerpt":{"rendered":"<p>Air washers or scrubbers are integral parts of technological objects. Using the multi-stage neutralization technology with static chargers they remove unpleasant odours. The devices enable the removal of solid particles due to the contact of&hellip;<\/p>","protected":false},"featured_media":2755,"template":"","meta":{"_seopress_robots_primary_cat":""},"product_cat":[28],"product_tag":[],"_links":{"self":[{"href":"https:\/\/www.planteh-group.com\/sl\/wp-json\/wp\/v2\/product\/1763"}],"collection":[{"href":"https:\/\/www.planteh-group.com\/sl\/wp-json\/wp\/v2\/product"}],"about":[{"href":"https:\/\/www.planteh-group.com\/sl\/wp-json\/wp\/v2\/types\/product"}],"version-history":[{"count":0,"href":"https:\/\/www.planteh-group.com\/sl\/wp-json\/wp\/v2\/product\/1763\/revisions"}],"wp:featuredmedia":[{"embeddable":true,"href":"https:\/\/www.planteh-group.com\/sl\/wp-json\/wp\/v2\/media\/2755"}],"wp:attachment":[{"href":"https:\/\/www.planteh-group.com\/sl\/wp-json\/wp\/v2\/media?parent=1763"}],"wp:term":[{"taxonomy":"product_cat","embeddable":true,"href":"https:\/\/www.planteh-group.com\/sl\/wp-json\/wp\/v2\/product_cat?post=1763"},{"taxonomy":"product_tag","embeddable":true,"href":"https:\/\/www.planteh-group.com\/sl\/wp-json\/wp\/v2\/product_tag?post=1763"}],"curies":[{"name":"wp","href":"https:\/\/api.w.org\/{rel}","templated":true}]}}