{"id":1763,"date":"2020-11-15T00:32:13","date_gmt":"2020-11-15T00:32:13","guid":{"rendered":"https:\/\/www.ivh.si\/Ponudbe\/sound_and_light\/izdelek\/drzavni-zbor-copy-copy-copy-copy-copy\/"},"modified":"2021-04-02T15:57:38","modified_gmt":"2021-04-02T15:57:38","slug":"scrubbers","status":"publish","type":"product","link":"https:\/\/www.planteh-group.com\/de\/izdelek\/scrubbers\/","title":{"rendered":"LUFTW\u00c4SCHER \u2013 SCRUBBERS"},"content":{"rendered":"<p>Luftw\u00e4scher, eng. scrubbers, sind Bestandteile technologischer Einrichtungen. Mithilfe der mehrstufigen Neutralisationstechnologie mit statischen Ladeger\u00e4ten entfernen sie unerw\u00fcnschte Ger\u00fcche. Sie erm\u00f6glichen  die Entfernung fester Partikeln aufgrund des Kontaktes vom verschmutzten Gas und Fl\u00fcssigkeit. Die Luftw\u00e4scher sind auf der Absorptionsbasis wirkende Anlagen.<\/p>\n<p>&nbsp;<\/p>\n<p class=\" translation-block\">Luftw\u00e4scher werden am h\u00e4ufigsten verwendet, um Rauchgasse, die Schwefeldioxid SO2, Ammoniak NH3, fl\u00fcchtige chemische Verbindungen, Halogenwasserstoffe und Schwefelwasserstoff H2S enthalten, zu reinigen, oder um kleine feste Partikel zu entfernen. \nDie am h\u00e4ufigsten verwendeten Medien zum Waschen von Gasen sind: Wasser \u2013 H2O (Waschen von Ammoniak NH3, Halogeniden), alkalische L\u00f6sungen (zur Entfernung saurer Komponenten), alkalische Oxidationsl\u00f6sungen (zur Entfernung von Wasserstoffperoxid H2O2), L\u00f6sungen Na2S4, zur Entfernung von Quecksilber (Hg)\u2026<\/p>\n<h6>Tags: Kunstoff, PE scrubber, PP scrubber, PEHD sscrubber, HDPE scrubber, apparatebau, kunstof-apparatebau, kunststoffapparate, lamellenkl\u00e4rer, schr\u00e4gkl\u00e4rer, technische Baugruppen, luftreiniger, biofilter, nassw\u00e4scher, dust scrubber, gasw\u00e4scher, PE w\u00e4scher, PP w\u00e4scher, PEHD w\u00e4scher, kunstoffwascher w\u00e4scher, spraytunnel, spr\u00fchtunnel, abluftw\u00e4scher, prozesstechnik, prozesstechnik luft, abluftw\u00e4scher, abgasw\u00e4scher, scrubberbau, w\u00e4scherbau, gasw\u00e4scherbau, kunstoffbau.<\/h6>","protected":false},"excerpt":{"rendered":"<p>Air washers or scrubbers are integral parts of technological objects. Using the multi-stage neutralization technology with static chargers they remove unpleasant odours. The devices enable the removal of solid particles due to the contact of&hellip;<\/p>","protected":false},"featured_media":2755,"template":"","meta":{"_seopress_robots_primary_cat":""},"product_cat":[28],"product_tag":[],"_links":{"self":[{"href":"https:\/\/www.planteh-group.com\/de\/wp-json\/wp\/v2\/product\/1763"}],"collection":[{"href":"https:\/\/www.planteh-group.com\/de\/wp-json\/wp\/v2\/product"}],"about":[{"href":"https:\/\/www.planteh-group.com\/de\/wp-json\/wp\/v2\/types\/product"}],"version-history":[{"count":0,"href":"https:\/\/www.planteh-group.com\/de\/wp-json\/wp\/v2\/product\/1763\/revisions"}],"wp:featuredmedia":[{"embeddable":true,"href":"https:\/\/www.planteh-group.com\/de\/wp-json\/wp\/v2\/media\/2755"}],"wp:attachment":[{"href":"https:\/\/www.planteh-group.com\/de\/wp-json\/wp\/v2\/media?parent=1763"}],"wp:term":[{"taxonomy":"product_cat","embeddable":true,"href":"https:\/\/www.planteh-group.com\/de\/wp-json\/wp\/v2\/product_cat?post=1763"},{"taxonomy":"product_tag","embeddable":true,"href":"https:\/\/www.planteh-group.com\/de\/wp-json\/wp\/v2\/product_tag?post=1763"}],"curies":[{"name":"wp","href":"https:\/\/api.w.org\/{rel}","templated":true}]}}